{"id":720,"date":"2022-04-11T14:43:17","date_gmt":"2022-04-11T12:43:17","guid":{"rendered":"https:\/\/julienleroutier.com\/?page_id=720"},"modified":"2022-05-16T16:03:21","modified_gmt":"2022-05-16T14:03:21","slug":"presentation","status":"publish","type":"page","link":"https:\/\/julienleroutier.com\/index.php\/presentation\/","title":{"rendered":"Pr\u00e9sentation"},"content":{"rendered":"\t\t<div data-elementor-type=\"wp-page\" data-elementor-id=\"720\" class=\"elementor elementor-720\" data-elementor-post-type=\"page\">\n\t\t\t\t\t\t<section class=\"elementor-section elementor-top-section elementor-element elementor-element-66621212 elementor-section-content-middle elementor-section-boxed elementor-section-height-default elementor-section-height-default\" data-id=\"66621212\" data-element_type=\"section\" data-e-type=\"section\">\n\t\t\t\t\t\t<div class=\"elementor-container elementor-column-gap-no\">\n\t\t\t\t\t<div class=\"elementor-column elementor-col-33 elementor-top-column elementor-element elementor-element-356eb857\" data-id=\"356eb857\" data-element_type=\"column\" data-e-type=\"column\">\n\t\t\t<div class=\"elementor-widget-wrap elementor-element-populated\">\n\t\t\t\t\t\t<div class=\"elementor-element elementor-element-6db76f62 elementor-widget elementor-widget-text-editor\" data-id=\"6db76f62\" data-element_type=\"widget\" data-e-type=\"widget\" data-widget_type=\"text-editor.default\">\n\t\t\t\t<div class=\"elementor-widget-container\">\n\t\t\t\t\t\t\t\t\t<p>Pr\u00e9parateur mental<\/p>\t\t\t\t\t\t\t\t<\/div>\n\t\t\t\t<\/div>\n\t\t\t\t<div class=\"elementor-element elementor-element-3b09bff7 elementor-widget elementor-widget-heading\" data-id=\"3b09bff7\" data-element_type=\"widget\" data-e-type=\"widget\" data-widget_type=\"heading.default\">\n\t\t\t\t<div class=\"elementor-widget-container\">\n\t\t\t\t\t<h3 class=\"elementor-heading-title elementor-size-default\">Julien Leroutier<\/h3>\t\t\t\t<\/div>\n\t\t\t\t<\/div>\n\t\t\t\t<div class=\"elementor-element elementor-element-c6d6a40 elementor-widget-divider--view-line elementor-widget elementor-widget-divider\" data-id=\"c6d6a40\" data-element_type=\"widget\" data-e-type=\"widget\" data-widget_type=\"divider.default\">\n\t\t\t\t<div class=\"elementor-widget-container\">\n\t\t\t\t\t\t\t<div class=\"elementor-divider\">\n\t\t\t<span class=\"elementor-divider-separator\">\n\t\t\t\t\t\t<\/span>\n\t\t<\/div>\n\t\t\t\t\t\t<\/div>\n\t\t\t\t<\/div>\n\t\t\t\t\t<\/div>\n\t\t<\/div>\n\t\t\t\t<div class=\"elementor-column elementor-col-33 elementor-top-column elementor-element elementor-element-736e04b8\" data-id=\"736e04b8\" data-element_type=\"column\" data-e-type=\"column\">\n\t\t\t<div class=\"elementor-widget-wrap elementor-element-populated\">\n\t\t\t\t\t\t<div class=\"elementor-element elementor-element-6df02a7 elementor-widget elementor-widget-heading\" data-id=\"6df02a7\" data-element_type=\"widget\" data-e-type=\"widget\" data-widget_type=\"heading.default\">\n\t\t\t\t<div class=\"elementor-widget-container\">\n\t\t\t\t\t<h2 class=\"elementor-heading-title elementor-size-default\">Julien Leroutier<\/h2>\t\t\t\t<\/div>\n\t\t\t\t<\/div>\n\t\t\t\t<div class=\"elementor-element elementor-element-7a45ea6 elementor-widget elementor-widget-text-editor\" data-id=\"7a45ea6\" data-element_type=\"widget\" data-e-type=\"widget\" data-widget_type=\"text-editor.default\">\n\t\t\t\t<div class=\"elementor-widget-container\">\n\t\t\t\t\t\t\t\t\t<p>Mon parcours, d&rsquo;o\u00f9 je viens jusqu&rsquo;\u00e0 devenir pr\u00e9parateur mental certifi\u00e9<\/p>\t\t\t\t\t\t\t\t<\/div>\n\t\t\t\t<\/div>\n\t\t\t\t<div class=\"elementor-element elementor-element-7254f6bf elementor-widget elementor-widget-image\" data-id=\"7254f6bf\" data-element_type=\"widget\" data-e-type=\"widget\" data-widget_type=\"image.default\">\n\t\t\t\t<div class=\"elementor-widget-container\">\n\t\t\t\t\t\t\t\t\t\t\t\t\t\t\t<img fetchpriority=\"high\" decoding=\"async\" width=\"600\" height=\"700\" src=\"https:\/\/julienleroutier.com\/wp-content\/uploads\/2022\/04\/Sport-co_julien-leroutier.jpg\" class=\"elementor-animation-grow attachment-full size-full wp-image-960\" alt=\"julien leroutier sport\" srcset=\"https:\/\/julienleroutier.com\/wp-content\/uploads\/2022\/04\/Sport-co_julien-leroutier.jpg 600w, https:\/\/julienleroutier.com\/wp-content\/uploads\/2022\/04\/Sport-co_julien-leroutier-257x300.jpg 257w\" sizes=\"(max-width: 600px) 100vw, 600px\" \/>\t\t\t\t\t\t\t\t\t\t\t\t\t\t\t<\/div>\n\t\t\t\t<\/div>\n\t\t\t\t<div class=\"elementor-element elementor-element-448ee2f6 elementor-widget elementor-widget-text-editor\" data-id=\"448ee2f6\" data-element_type=\"widget\" data-e-type=\"widget\" data-widget_type=\"text-editor.default\">\n\t\t\t\t<div class=\"elementor-widget-container\">\n\t\t\t\t\t\t\t\t\t<p>Depuis mon enfance, je suis passionn\u00e9 par les sports collectifs. J\u2019ai notamment eu l\u2019opportunit\u00e9 de pratiquer en club : le football, le handball, le basketball et le rugby. Pendant pr\u00e8s de 20 ans, j\u2019ai d\u00e9velopp\u00e9 un go\u00fbt pour la collaboration, le jeu en \u00e9quipe et la strat\u00e9gie.<\/p>\t\t\t\t\t\t\t\t<\/div>\n\t\t\t\t<\/div>\n\t\t\t\t\t<\/div>\n\t\t<\/div>\n\t\t\t\t<div class=\"elementor-column elementor-col-33 elementor-top-column elementor-element elementor-element-11edf1c7\" data-id=\"11edf1c7\" data-element_type=\"column\" data-e-type=\"column\">\n\t\t\t<div class=\"elementor-widget-wrap elementor-element-populated\">\n\t\t\t\t\t\t<div class=\"elementor-element elementor-element-444b5eb0 elementor-widget elementor-widget-text-editor\" data-id=\"444b5eb0\" data-element_type=\"widget\" data-e-type=\"widget\" data-widget_type=\"text-editor.default\">\n\t\t\t\t<div class=\"elementor-widget-container\">\n\t\t\t\t\t\t\t\t\t<p>Mon parcours est une d\u00e9marche de la performance \u00e9conomique vers la performance humaine. D\u2019un Master 2 \u00abManager de la Strat\u00e9gie et Politique Commerciale\u00bb \u00e0 l\u2019obtention de la Certification Pr\u00e9parateur Mental.<\/p><p>Je mets \u00e0 votre disposition mes atouts : qualit\u00e9 d\u2019\u00e9coute, bienveillance, analyse, neutralit\u00e9. Car au-del\u00e0 de la m\u00e9thode c\u2019est la relation humaine qui compte.<\/p>\t\t\t\t\t\t\t\t<\/div>\n\t\t\t\t<\/div>\n\t\t\t\t<div class=\"elementor-element elementor-element-30b00180 elementor-widget elementor-widget-image\" data-id=\"30b00180\" data-element_type=\"widget\" data-e-type=\"widget\" data-widget_type=\"image.default\">\n\t\t\t\t<div class=\"elementor-widget-container\">\n\t\t\t\t\t\t\t\t\t\t\t\t\t\t\t<img decoding=\"async\" width=\"600\" height=\"700\" src=\"https:\/\/julienleroutier.com\/wp-content\/uploads\/2022\/04\/diplome_julien-leroutier.jpg\" class=\"elementor-animation-grow attachment-full size-full wp-image-965\" alt=\"julien leroutier diplome\" srcset=\"https:\/\/julienleroutier.com\/wp-content\/uploads\/2022\/04\/diplome_julien-leroutier.jpg 600w, https:\/\/julienleroutier.com\/wp-content\/uploads\/2022\/04\/diplome_julien-leroutier-257x300.jpg 257w\" sizes=\"(max-width: 600px) 100vw, 600px\" \/>\t\t\t\t\t\t\t\t\t\t\t\t\t\t\t<\/div>\n\t\t\t\t<\/div>\n\t\t\t\t\t<\/div>\n\t\t<\/div>\n\t\t\t\t\t<\/div>\n\t\t<\/section>\n\t\t\t\t<\/div>\n\t\t","protected":false},"excerpt":{"rendered":"<p>Pr\u00e9parateur mental Julien Leroutier Julien Leroutier Mon parcours, d&rsquo;o\u00f9 je viens jusqu&rsquo;\u00e0 devenir Julien Leroutier, pr\u00e9parateur mental certifi\u00e9 Depuis mon enfance, je suis passionn\u00e9 par les sports collectifs. J\u2019ai notamment eu l\u2019opportunit\u00e9 de pratiquer en club : le football, le handball, le basketball et le rugby. Pendant pr\u00e8s de 20 ans, j\u2019ai d\u00e9velopp\u00e9 un go\u00fbt [&hellip;]<\/p>\n","protected":false},"author":1,"featured_media":0,"parent":0,"menu_order":0,"comment_status":"closed","ping_status":"closed","template":"elementor_header_footer","meta":{"footnotes":""},"class_list":["post-720","page","type-page","status-publish","hentry"],"yoast_head":"<!-- This site is optimized with the Yoast SEO plugin v27.3 - https:\/\/yoast.com\/product\/yoast-seo-wordpress\/ -->\n<title>Pr\u00e9sentation - Julien Leroutier<\/title>\n<meta name=\"description\" content=\"Julien Leroutier. Passionn\u00e9 par les sports collectifs mon parcours est une d\u00e9marche de la performance \u00e9conomique vers la\u00a0performance humaine\" \/>\n<meta name=\"robots\" content=\"index, follow, max-snippet:-1, max-image-preview:large, max-video-preview:-1\" \/>\n<link rel=\"canonical\" href=\"https:\/\/julienleroutier.com\/index.php\/presentation\/\" \/>\n<meta property=\"og:locale\" content=\"fr_FR\" \/>\n<meta property=\"og:type\" content=\"article\" \/>\n<meta property=\"og:title\" content=\"Pr\u00e9sentation - Julien Leroutier\" \/>\n<meta property=\"og:description\" content=\"Julien Leroutier. Passionn\u00e9 par les sports collectifs mon parcours est une d\u00e9marche de la performance \u00e9conomique vers la\u00a0performance humaine\" \/>\n<meta property=\"og:url\" content=\"https:\/\/julienleroutier.com\/index.php\/presentation\/\" \/>\n<meta property=\"og:site_name\" content=\"Julien Leroutier\" \/>\n<meta property=\"article:publisher\" content=\"https:\/\/www.facebook.com\/preparateurmentalcertifie\" \/>\n<meta property=\"article:modified_time\" content=\"2022-05-16T14:03:21+00:00\" \/>\n<meta property=\"og:image\" content=\"https:\/\/julienleroutier.com\/wp-content\/uploads\/2022\/04\/Sport-co_julien-leroutier.jpg\" \/>\n<meta name=\"twitter:card\" content=\"summary_large_image\" \/>\n<meta name=\"twitter:label1\" content=\"Dur\u00e9e de lecture estim\u00e9e\" \/>\n\t<meta name=\"twitter:data1\" content=\"1 minute\" \/>\n<script type=\"application\/ld+json\" class=\"yoast-schema-graph\">{\"@context\":\"https:\\\/\\\/schema.org\",\"@graph\":[{\"@type\":\"WebPage\",\"@id\":\"https:\\\/\\\/julienleroutier.com\\\/index.php\\\/presentation\\\/\",\"url\":\"https:\\\/\\\/julienleroutier.com\\\/index.php\\\/presentation\\\/\",\"name\":\"Pr\u00e9sentation - Julien Leroutier\",\"isPartOf\":{\"@id\":\"https:\\\/\\\/julienleroutier.com\\\/#website\"},\"primaryImageOfPage\":{\"@id\":\"https:\\\/\\\/julienleroutier.com\\\/index.php\\\/presentation\\\/#primaryimage\"},\"image\":{\"@id\":\"https:\\\/\\\/julienleroutier.com\\\/index.php\\\/presentation\\\/#primaryimage\"},\"thumbnailUrl\":\"https:\\\/\\\/julienleroutier.com\\\/wp-content\\\/uploads\\\/2022\\\/04\\\/Sport-co_julien-leroutier.jpg\",\"datePublished\":\"2022-04-11T12:43:17+00:00\",\"dateModified\":\"2022-05-16T14:03:21+00:00\",\"description\":\"Julien Leroutier. Passionn\u00e9 par les sports collectifs mon parcours est une d\u00e9marche de la performance \u00e9conomique vers la\u00a0performance humaine\",\"breadcrumb\":{\"@id\":\"https:\\\/\\\/julienleroutier.com\\\/index.php\\\/presentation\\\/#breadcrumb\"},\"inLanguage\":\"fr-FR\",\"potentialAction\":[{\"@type\":\"ReadAction\",\"target\":[\"https:\\\/\\\/julienleroutier.com\\\/index.php\\\/presentation\\\/\"]}]},{\"@type\":\"ImageObject\",\"inLanguage\":\"fr-FR\",\"@id\":\"https:\\\/\\\/julienleroutier.com\\\/index.php\\\/presentation\\\/#primaryimage\",\"url\":\"https:\\\/\\\/julienleroutier.com\\\/wp-content\\\/uploads\\\/2022\\\/04\\\/Sport-co_julien-leroutier.jpg\",\"contentUrl\":\"https:\\\/\\\/julienleroutier.com\\\/wp-content\\\/uploads\\\/2022\\\/04\\\/Sport-co_julien-leroutier.jpg\",\"width\":600,\"height\":700,\"caption\":\"Image de fond du site de julien leroutier, pr\u00e9parateur mental certifi\u00e9\"},{\"@type\":\"BreadcrumbList\",\"@id\":\"https:\\\/\\\/julienleroutier.com\\\/index.php\\\/presentation\\\/#breadcrumb\",\"itemListElement\":[{\"@type\":\"ListItem\",\"position\":1,\"name\":\"Accueil\",\"item\":\"https:\\\/\\\/julienleroutier.com\\\/\"},{\"@type\":\"ListItem\",\"position\":2,\"name\":\"Pr\u00e9sentation\"}]},{\"@type\":\"WebSite\",\"@id\":\"https:\\\/\\\/julienleroutier.com\\\/#website\",\"url\":\"https:\\\/\\\/julienleroutier.com\\\/\",\"name\":\"Julien Leroutier\",\"description\":\"pr\u00e9parateur mental\",\"publisher\":{\"@id\":\"https:\\\/\\\/julienleroutier.com\\\/#organization\"},\"potentialAction\":[{\"@type\":\"SearchAction\",\"target\":{\"@type\":\"EntryPoint\",\"urlTemplate\":\"https:\\\/\\\/julienleroutier.com\\\/?s={search_term_string}\"},\"query-input\":{\"@type\":\"PropertyValueSpecification\",\"valueRequired\":true,\"valueName\":\"search_term_string\"}}],\"inLanguage\":\"fr-FR\"},{\"@type\":\"Organization\",\"@id\":\"https:\\\/\\\/julienleroutier.com\\\/#organization\",\"name\":\"Julien Leroutier\",\"url\":\"https:\\\/\\\/julienleroutier.com\\\/\",\"logo\":{\"@type\":\"ImageObject\",\"inLanguage\":\"fr-FR\",\"@id\":\"https:\\\/\\\/julienleroutier.com\\\/#\\\/schema\\\/logo\\\/image\\\/\",\"url\":\"https:\\\/\\\/julienleroutier.com\\\/wp-content\\\/uploads\\\/2022\\\/05\\\/JulienLeroutier-Logo-02.png\",\"contentUrl\":\"https:\\\/\\\/julienleroutier.com\\\/wp-content\\\/uploads\\\/2022\\\/05\\\/JulienLeroutier-Logo-02.png\",\"width\":100,\"height\":100,\"caption\":\"Julien Leroutier\"},\"image\":{\"@id\":\"https:\\\/\\\/julienleroutier.com\\\/#\\\/schema\\\/logo\\\/image\\\/\"},\"sameAs\":[\"https:\\\/\\\/www.facebook.com\\\/preparateurmentalcertifie\"]}]}<\/script>\n<!-- \/ Yoast SEO plugin. -->","yoast_head_json":{"title":"Pr\u00e9sentation - Julien Leroutier","description":"Julien Leroutier. Passionn\u00e9 par les sports collectifs mon parcours est une d\u00e9marche de la performance \u00e9conomique vers la\u00a0performance humaine","robots":{"index":"index","follow":"follow","max-snippet":"max-snippet:-1","max-image-preview":"max-image-preview:large","max-video-preview":"max-video-preview:-1"},"canonical":"https:\/\/julienleroutier.com\/index.php\/presentation\/","og_locale":"fr_FR","og_type":"article","og_title":"Pr\u00e9sentation - Julien Leroutier","og_description":"Julien Leroutier. Passionn\u00e9 par les sports collectifs mon parcours est une d\u00e9marche de la performance \u00e9conomique vers la\u00a0performance humaine","og_url":"https:\/\/julienleroutier.com\/index.php\/presentation\/","og_site_name":"Julien Leroutier","article_publisher":"https:\/\/www.facebook.com\/preparateurmentalcertifie","article_modified_time":"2022-05-16T14:03:21+00:00","og_image":[{"url":"https:\/\/julienleroutier.com\/wp-content\/uploads\/2022\/04\/Sport-co_julien-leroutier.jpg","type":"","width":"","height":""}],"twitter_card":"summary_large_image","twitter_misc":{"Dur\u00e9e de lecture estim\u00e9e":"1 minute"},"schema":{"@context":"https:\/\/schema.org","@graph":[{"@type":"WebPage","@id":"https:\/\/julienleroutier.com\/index.php\/presentation\/","url":"https:\/\/julienleroutier.com\/index.php\/presentation\/","name":"Pr\u00e9sentation - Julien Leroutier","isPartOf":{"@id":"https:\/\/julienleroutier.com\/#website"},"primaryImageOfPage":{"@id":"https:\/\/julienleroutier.com\/index.php\/presentation\/#primaryimage"},"image":{"@id":"https:\/\/julienleroutier.com\/index.php\/presentation\/#primaryimage"},"thumbnailUrl":"https:\/\/julienleroutier.com\/wp-content\/uploads\/2022\/04\/Sport-co_julien-leroutier.jpg","datePublished":"2022-04-11T12:43:17+00:00","dateModified":"2022-05-16T14:03:21+00:00","description":"Julien Leroutier. Passionn\u00e9 par les sports collectifs mon parcours est une d\u00e9marche de la performance \u00e9conomique vers la\u00a0performance humaine","breadcrumb":{"@id":"https:\/\/julienleroutier.com\/index.php\/presentation\/#breadcrumb"},"inLanguage":"fr-FR","potentialAction":[{"@type":"ReadAction","target":["https:\/\/julienleroutier.com\/index.php\/presentation\/"]}]},{"@type":"ImageObject","inLanguage":"fr-FR","@id":"https:\/\/julienleroutier.com\/index.php\/presentation\/#primaryimage","url":"https:\/\/julienleroutier.com\/wp-content\/uploads\/2022\/04\/Sport-co_julien-leroutier.jpg","contentUrl":"https:\/\/julienleroutier.com\/wp-content\/uploads\/2022\/04\/Sport-co_julien-leroutier.jpg","width":600,"height":700,"caption":"Image de fond du site de julien leroutier, pr\u00e9parateur mental certifi\u00e9"},{"@type":"BreadcrumbList","@id":"https:\/\/julienleroutier.com\/index.php\/presentation\/#breadcrumb","itemListElement":[{"@type":"ListItem","position":1,"name":"Accueil","item":"https:\/\/julienleroutier.com\/"},{"@type":"ListItem","position":2,"name":"Pr\u00e9sentation"}]},{"@type":"WebSite","@id":"https:\/\/julienleroutier.com\/#website","url":"https:\/\/julienleroutier.com\/","name":"Julien Leroutier","description":"pr\u00e9parateur mental","publisher":{"@id":"https:\/\/julienleroutier.com\/#organization"},"potentialAction":[{"@type":"SearchAction","target":{"@type":"EntryPoint","urlTemplate":"https:\/\/julienleroutier.com\/?s={search_term_string}"},"query-input":{"@type":"PropertyValueSpecification","valueRequired":true,"valueName":"search_term_string"}}],"inLanguage":"fr-FR"},{"@type":"Organization","@id":"https:\/\/julienleroutier.com\/#organization","name":"Julien Leroutier","url":"https:\/\/julienleroutier.com\/","logo":{"@type":"ImageObject","inLanguage":"fr-FR","@id":"https:\/\/julienleroutier.com\/#\/schema\/logo\/image\/","url":"https:\/\/julienleroutier.com\/wp-content\/uploads\/2022\/05\/JulienLeroutier-Logo-02.png","contentUrl":"https:\/\/julienleroutier.com\/wp-content\/uploads\/2022\/05\/JulienLeroutier-Logo-02.png","width":100,"height":100,"caption":"Julien Leroutier"},"image":{"@id":"https:\/\/julienleroutier.com\/#\/schema\/logo\/image\/"},"sameAs":["https:\/\/www.facebook.com\/preparateurmentalcertifie"]}]}},"_links":{"self":[{"href":"https:\/\/julienleroutier.com\/index.php\/wp-json\/wp\/v2\/pages\/720","targetHints":{"allow":["GET"]}}],"collection":[{"href":"https:\/\/julienleroutier.com\/index.php\/wp-json\/wp\/v2\/pages"}],"about":[{"href":"https:\/\/julienleroutier.com\/index.php\/wp-json\/wp\/v2\/types\/page"}],"author":[{"embeddable":true,"href":"https:\/\/julienleroutier.com\/index.php\/wp-json\/wp\/v2\/users\/1"}],"replies":[{"embeddable":true,"href":"https:\/\/julienleroutier.com\/index.php\/wp-json\/wp\/v2\/comments?post=720"}],"version-history":[{"count":67,"href":"https:\/\/julienleroutier.com\/index.php\/wp-json\/wp\/v2\/pages\/720\/revisions"}],"predecessor-version":[{"id":1667,"href":"https:\/\/julienleroutier.com\/index.php\/wp-json\/wp\/v2\/pages\/720\/revisions\/1667"}],"wp:attachment":[{"href":"https:\/\/julienleroutier.com\/index.php\/wp-json\/wp\/v2\/media?parent=720"}],"curies":[{"name":"wp","href":"https:\/\/api.w.org\/{rel}","templated":true}]}}